{"id":81,"date":"2016-01-23T18:45:36","date_gmt":"2016-01-23T18:45:36","guid":{"rendered":"http:\/\/dessign.net\/creatortheme\/?page_id=5"},"modified":"2017-02-15T01:18:10","modified_gmt":"2017-02-15T01:18:10","slug":"about","status":"publish","type":"page","link":"https:\/\/carlosleal.com\/?page_id=81","title":{"rendered":"Soy Carlos y te agradezco el que de alguna u otra forma, hayas llegado hasta aqu\u00ed."},"content":{"rendered":"<p>&nbsp;<\/p>\n<p><img loading=\"lazy\" decoding=\"async\" class=\"aligncenter size-full wp-image-269\" src=\"https:\/\/carlosleal.com\/wp-content\/uploads\/2016\/01\/imagenclj_who.jpg\" alt=\"\" width=\"1500\" height=\"850\" srcset=\"https:\/\/carlosleal.com\/wp-content\/uploads\/2016\/01\/imagenclj_who.jpg 1500w, https:\/\/carlosleal.com\/wp-content\/uploads\/2016\/01\/imagenclj_who-300x170.jpg 300w, https:\/\/carlosleal.com\/wp-content\/uploads\/2016\/01\/imagenclj_who-768x435.jpg 768w, https:\/\/carlosleal.com\/wp-content\/uploads\/2016\/01\/imagenclj_who-1024x580.jpg 1024w\" sizes=\"auto, (max-width: 1500px) 100vw, 1500px\" \/>.<\/p>\n<p><em><strong>Hola, soy Carlos, soy mercad\u00f3logo por profesi\u00f3n (ITESM, Campus Monterrey 1993)\u00a0y\u00a0publicista por convicci\u00f3n.<\/strong><\/em><\/p>\n<p>Desde hace un buen de a\u00f1os vivo de cosechar ideas, en los noventas trabaj\u00e9 en agencias publicitarias de Monterrey y para enero de 1999 tom\u00e9 la decisi\u00f3n de emprender mi carrera independiente; meses despu\u00e9s fundar\u00eda lo que se conoce como<a href=\"http:\/\/www.srsmith.com.mx\" target=\"_blank\"><em><strong> Se\u00f1or Smith<\/strong><\/em><\/a>, agencia full service basada en Monterrey, donde colaboro hasta el d\u00eda de hoy. Inquieto\u00a0desde que tengo uso de raz\u00f3n, me desempe\u00f1o en \u00e1reas como planeaci\u00f3n estrat\u00e9gica,\u00a0direcci\u00f3n\u00a0creativa, direcci\u00f3n de arte\u00a0y\u00a0copywriting; adem\u00e1s, y por gusto y medio que por herencia, a menudo\u00a0estoy detr\u00e1s de una c\u00e1mara, capturando im\u00e1genes en pixeles y de vez en cuando en pel\u00edcula (s\u00ed, a\u00fan tengo c\u00e1maras an\u00e1logas y rollos de film, y no, no le pego al hipster). De pronto tambi\u00e9n me pongo a ilustrar y medio me defiendo en ello. Oh, y como la creatividad no debe de tener fronteras y as\u00ed, me gusta llevar mis exploraciones a otras \u00e1reas de la vida, como la cocina, quienes me conocen no me dejar\u00e1n mentir.<\/p>\n<p>S\u00ed, vivo gracias a\u00a0las ideas que de pronto se despiertan\u00a0en mi cabeza y coraz\u00f3n, y no hablo solo de manera monetaria. Soy un tipo afortunado.<\/p>\n<p>Gracias por leer esto y por visitar esta sencilla web.<\/p>\n<p><strong><em>Carlos<\/em><\/strong><\/p>\n","protected":false},"excerpt":{"rendered":"<p>&nbsp; . Hola, soy Carlos, soy mercad\u00f3logo por profesi\u00f3n (ITESM, Campus Monterrey 1993)\u00a0y\u00a0publicista por convicci\u00f3n. Desde hace un buen de a\u00f1os vivo de cosechar ideas, en los noventas trabaj\u00e9 en agencias publicitarias de Monterrey y para enero de 1999 tom\u00e9 la decisi\u00f3n de emprender mi carrera independiente; meses despu\u00e9s fundar\u00eda lo que se conoce como [&hellip;]<\/p>\n","protected":false},"author":2,"featured_media":0,"parent":0,"menu_order":0,"comment_status":"closed","ping_status":"closed","template":"","meta":{"_exactmetrics_skip_tracking":false,"_exactmetrics_sitenote_active":false,"_exactmetrics_sitenote_note":"","_exactmetrics_sitenote_category":0,"footnotes":""},"class_list":["post-81","page","type-page","status-publish","hentry"],"_links":{"self":[{"href":"https:\/\/carlosleal.com\/index.php?rest_route=\/wp\/v2\/pages\/81","targetHints":{"allow":["GET"]}}],"collection":[{"href":"https:\/\/carlosleal.com\/index.php?rest_route=\/wp\/v2\/pages"}],"about":[{"href":"https:\/\/carlosleal.com\/index.php?rest_route=\/wp\/v2\/types\/page"}],"author":[{"embeddable":true,"href":"https:\/\/carlosleal.com\/index.php?rest_route=\/wp\/v2\/users\/2"}],"replies":[{"embeddable":true,"href":"https:\/\/carlosleal.com\/index.php?rest_route=%2Fwp%2Fv2%2Fcomments&post=81"}],"version-history":[{"count":4,"href":"https:\/\/carlosleal.com\/index.php?rest_route=\/wp\/v2\/pages\/81\/revisions"}],"predecessor-version":[{"id":270,"href":"https:\/\/carlosleal.com\/index.php?rest_route=\/wp\/v2\/pages\/81\/revisions\/270"}],"wp:attachment":[{"href":"https:\/\/carlosleal.com\/index.php?rest_route=%2Fwp%2Fv2%2Fmedia&parent=81"}],"curies":[{"name":"wp","href":"https:\/\/api.w.org\/{rel}","templated":true}]}}